{"id":32,"date":"2015-03-22T14:29:47","date_gmt":"2015-03-22T14:29:47","guid":{"rendered":"http:\/\/vincent.org.rs.local\/?page_id=32"},"modified":"2021-02-22T11:24:39","modified_gmt":"2021-02-22T10:24:39","slug":"publications","status":"publish","type":"page","link":"http:\/\/www.vincent.org.rs\/en\/publications\/","title":{"rendered":"List of Publications"},"content":{"rendered":"\n<h2>2020<\/h2>\n\n\n<ul>\n<li>Vukadinovi\u0107, A., Jankovi\u0107, D., Radovi\u0107, M., Milanovi\u0107, Z., Mirkovi\u0107, M., Stankovi\u0107, D., &amp; Vranje\u0161-\u0110uri\u0107, S. (2020). Optimization of the radiolabelling method for improved in vitro and in vivo stability of 90Y-albumin microspheres. Applied Radiation and Isotopes, 156, 108984. <br \/>DOI: <a href=\"https:\/\/doi.org\/10.1016\/j.apradiso.2019.108984\">10.1016\/j.apradiso.2019.108984<\/a><\/li>\n<li>Mirkovi\u0107, M., Milanovi\u0107, Z., Stankovi\u0107, D., Petrovi\u0107, \u0110., Vranje\u0161-\u0110uri\u0107, S., Jankovi\u0107, D., &amp; Radovi\u0107, M. (2020). Investigation of 177Lu-labeled HEDP, DPD, and IDP as potential bone pain palliation agents. Journal of Radiation Research and Applied Sciences, 13(1), 27-36.<br \/>DOI: <a href=\"https:\/\/doi.org\/10.1080\/16878507.2019.1702243\">10.1080\/16878507.2019.1702243<\/a><\/li>\n<li>Stankovi\u0107, A., Mihailovi\u0107, J., Mirkovi\u0107, M., Radovi\u0107, M., Milanovi\u0107, Z., Ognjanovi\u0107, M., Jankovi\u0107 D., Anti\u0107 B., Mijovi\u0107 M., Vranje\u0161-\u0110uri\u0107, S. &amp; Prijovi\u0107, \u017d. (2020). Aminosilanized flower-structured superparamagnetic iron oxide nanoparticles coupled to 131I-labeled CC49 antibody for combined radionuclide and hyperthermia therapy of cancer. International Journal of Pharmaceutics, 587, 119628.<br \/>DOI: <a href=\"https:\/\/doi.org\/10.1016\/j.ijpharm.2020.119628\">10.1016\/j.ijpharm.2020.119628<\/a><\/li>\n<li>Ognjanovic\u0301, M., Stankovic\u0301, D. M., Jovic\u0301, M., Krstic\u0301, M. P., Lesch, A., Girault, H. H., &amp; Antic\u0301, B. (2020). Inkjet-Printed Carbon Nanotube Electrodes Modified with Dimercaptosuccinic Acid-Capped Fe3O4 Nanoparticles on Reduced Graphene Oxide Nanosheets for Single-Drop Determination of Trifluoperazine. ACS Applied Nano Materials, 3(5), 4654-4662.<br \/><a href=\"https:\/\/pubs.acs.org\/doi\/10.1021\/acsanm.0c00661?goto=supporting-info\">DOI: 10.1021\/acsanm.0c00661<\/a><\/li>\n<li>Ognjanovi\u0107, M., Stankovi\u0107, D. M., Fabi\u00e1n, M., Vranje\u0161-\u0110uri\u0107, S., Bratislav, A., &amp; Doj\u010dinovi\u0107, B. (2020). Tailoring IONP shape and designing nanocomposite IONS@GN toward modification of SPCE to enhance electrochemical degradation of organic dye. Materials Research Express, 7(1), 015509.<br \/>DOI: <a href=\"https:\/\/doi.org\/10.1088\/2053-1591\/ab6490\">10.1088\/2053-1591\/ab6490<\/a><\/li>\n<li>Stankovi\u0107, V., \u0110ur\u0111i\u0107, S., Ognjanovi\u0107, M., Anti\u0107, B., Kalcher, K., Muti\u0107, J., &amp; Stankovi\u0107, D. M. (2020). Anti-human albumin monoclonal antibody immobilized on EDC-NHS functionalized carboxylic graphene\/AuNPs composite as promising electrochemical HSA immunosensor. Journal of Electroanalytical Chemistry, 860, 113928.<br \/>DOI: <a href=\"https:\/\/doi.org\/10.1016\/j.jelechem.2020.113928\">10.1016\/j.jelechem.2020.113928<\/a><\/li>\n<li>Petkovi\u0107, B. B., Ognjanovi\u0107, M., Krsti\u0107, M., Stankovi\u0107, V., Babincev, L., Pergal, M., &amp; Stankovi\u0107, D. M. (2020). Boron-doped diamond electrode as efficient sensing platform for simultaneous quantification of mefenamic acid and indomethacin. Diamond and Related Materials, 107785.<br \/>DOI: <a href=\"https:\/\/doi.org\/10.1016\/j.diamond.2020.107785\">10.1016\/j.diamond.2020.107785<\/a><\/li>\n<li>Kne\u017eevi\u0107, S., Ognjanovi\u0107, M., Nedi\u0107, N., Mariano, J. F., Milanovi\u0107, Z., Petkovi\u0107, B., Anti\u0107, B., Vranje\u0161-\u0110uri\u0107, S., &amp; Stankovi\u0107, D. M. (2020). A single drop histamine sensor based on AuNPs\/MnO2 modified screen-printed electrode. Microchemical Journal, 104778.<br \/>DOI: <a href=\"https:\/\/doi.org\/10.1016\/j.microc.2020.104778\">10.1016\/j.microc.2020.104778<\/a><\/li>\n<li>Stankovi\u0107, V., \u0110ur\u0111i\u0107, S., Ognjanovi\u0107, M., Muti\u0107, J., Kalcher, K., &amp; Stankovi\u0107, D. M. (2020). A novel nonenzymatic hydrogen peroxide amperometric sensor based on AgNp@ GNR nanocomposites modified screen-printed carbon electrode. Journal of Electroanalytical Chemistry, 876, 114487.<br \/>DOI: <a href=\"https:\/\/doi.org\/10.1016\/j.jelechem.2020.114487\">10.1016\/j.jelechem.2020.114487<\/a><\/li>\n<li>Ognjanovi\u0107, M., Stankovi\u0107, V., Kne\u017eevi\u0107, S., Anti\u0107, B., Vranje\u0161-Djuri\u0107, S., &amp; Stankovi\u0107, D. M. (2020). TiO2\/APTES cross-linked to carboxylic graphene based impedimetric glucose biosensor. Microchemical Journal, 105150.<br \/>DOI: <a href=\"https:\/\/doi.org\/10.1016\/j.microc.2020.105150\">10.1016\/j.microc.2020.105150<\/a><\/li>\n<li>Petkovi\u0107, B. B., Ognjanovi\u0107, M., Anti\u0107, B., Viktorovich Avdin, V., Manojlovi\u0107, D. D., Vranje\u0161 \u0110uri\u0107, S., &amp; Stankovi\u0107, D. M. Easily Prepared Co3O4 Doped Porous Carbon Material Decorated with Single\u2010wall Carbon Nanotubes Applied in Voltammetric Sensing of Antioxidant \u03b1\u2010lipoic Acid. Electroanalysis. In press<br \/>DOI: <a href=\"https:\/\/doi.org\/10.1002\/elan.202060290\">10.1002\/elan.202060290<\/a><\/li>\n<li>Tadi\u0107, M., Milo\u0161evi\u0107, I., Kralj, S., Hanzel, D., Barud\u017eija, T., Motte, L., &amp; Makovec, D. (2020). Surface-induced reversal of a phase transformation for the synthesis of \u03b5-Fe2O3 nanoparticles with high coercivity. Acta Materialia, 188, 16-22.<br \/>DOI: <a href=\"https:\/\/doi.org\/10.1016\/j.actamat.2020.01.058\">10.1016\/j.actamat.2020.01.058<\/a><\/li>\n<li>Karageorgou, M. A., Bouziotis, P., Vranje\u0161-Djuri\u0107, S., &amp; Stamopoulos, D. (2020). Hemocompatibility of gallium-68 labeled iron oxide nanoparticles coated with 2, 3-dicarboxypropane-1, 1-diphosphonic acid. Materials Science and Engineering: C, 111121.<br \/>DOI: <a href=\"https:\/\/doi.org\/10.1016\/j.msec.2020.111121\">10.1016\/j.msec.2020.111121<\/a><\/li>\n<li>Orsini, N. J., Mili\u0107, M. M., &amp; Torres, T. E. (2020). Zn-and (Mn,Zn)-substituted versus unsubstituted magnetite nanoparticles: structural, magnetic and hyperthermic properties. Nanotechnology, 31(22), 225707.<br \/>DOI: <a href=\"https:\/\/doi.org\/10.1088\/1361-6528\/ab76e7\">10.1088\/1361-6528\/ab76e7<\/a><\/li>\n<\/ul>\n\n\n<h2>2019<\/h2>\n\n\n\n<ul><li>Ognjanovi\u0107, M., Radovi\u0107, M., Mirkovi\u0107, M., Prijovi\u0107, Z., Puerto Morales, M. D., \u010ceh, M., Vranje\u0161-\u0110uri\u0107, S. &amp; Antic, B. (2019). 99mTc-, 90Y-, and 177Lu-Labeled iron oxide nanoflowers designed for potential use in dual magnetic hyperthermia\/radionuclide cancer therapy and diagnosis. ACS applied materials &amp; interfaces, 11(44), 41109-41117.<br \/>DOI:<a href=\"https:\/\/doi.org\/10.1021\/acsami.9b16428\"> 10.1021\/acsami.9b16428<\/a><\/li><li>Mirkovi\u0107, M., Radovi\u0107, M., Stankovi\u0107, D., Milanovi\u0107, Z., Jankovi\u0107, D., Matovi\u0107, M., Jeremi\u0107 M., Anti\u0107 B. &amp; Vranje\u0161-\u0110uri\u0107, S. (2019). 99mTc\u2013bisphosphonate\u2013coated magnetic nanoparticles as potential theranostic nanoagent. Materials Science and Engineering: C, 102, 124-133.<br \/>DOI: <a href=\"https:\/\/doi.org\/10.1016\/j.msec.2019.04.034\">10.1016\/j.msec.2019.04.034<\/a><\/li><li>Kusigerski, V., Illes, E., Blanu\u0161a, J., Gyergyek, S., Boskovi\u0107, M., Perovi\u0107, M., &amp; Spasojevi\u0107, V. (2019). Magnetic properties and heating efficacy of magnesium doped magnetite nanoparticles obtained by co-precipitation method. Journal of Magnetism and Magnetic Materials, 475, 470-478.<br \/>DOI: <a href=\"https:\/\/doi.org\/10.1016\/j.jmmm.2018.11.127\">10.1016\/j.jmmm.2018.11.127<\/a><\/li><li>Stankovi\u0107, D. M., Ognjanovi\u0107, M., Espinosa, A., Puerto Morales, M., Bessais, L., Zehani, K., Anti\u0107, B., &amp; Dojcinovi\u0107, B. (2019). Iron Oxide Nanoflower\u2013Based Screen Print Electrode for Enhancement Removal of Organic Dye Using Electrochemical Approach. Electrocatalysis, 10(6), 663-671<br \/>DOI: <a href=\"https:\/\/doi.org\/10.1007\/s12678-019-00554-1\">10.1007\/s12678-019-00554-1<\/a><\/li><li>Doj\u010dinovi\u0107, B. P., Jan\u010dar, B., Bessais, L., Kremenovi\u0107, A. S., Jovi\u0107-Jovi\u010di\u0107, N. P., Bankovi\u0107, P. T., Stankovi\u0107, D. M., Ognjanovi\u0107, M. &amp; Anti\u0107, B. V. (2019). Differently shaped nanocrystalline (Fe,Y)3O4 and its adsorption efficiency toward inorganic arsenic species. Nanotechnology, 30(47), 475702<br \/>DOI: <a href=\"https:\/\/doi.org\/10.1088\/1361-6528\/ab3ca2\">10.1088\/1361-6528\/ab3ca2<\/a><\/li><li>Ognjanovi\u0107, M., Stankovi\u0107, D. M., Ming, Y., Zhang, H., Jan\u010dar, B., Doj\u010dinovi\u0107, B., Prijovi\u0107, \u017d., &amp; Anti\u0107, B. (2019). Bifunctional (Zn,Fe)3O4 nanoparticles: Tuning their efficiency for potential application in reagentless glucose biosensors and magnetic hyperthermia. Journal of Alloys and Compounds, 777, 454-462<br \/>DOI: <a href=\"https:\/\/doi.org\/10.1016\/j.jallcom.2018.10.369\">10.1016\/j.jallcom.2018.10.369<\/a><\/li><li>Ognjanovi\u0107, M., Spasojevi\u0107, I., Stankovi\u0107, D. M., Ming, Y., Jan\u010dar, B., Doj\u010dinovi\u0107, B., Spasojevi\u0107, V., &amp; Anti\u0107, B. (2019). Enhancing Analytical Performance of (Mg,Fe)3O4\/Glassy Carbon Electrodes by Tailoring Chemical Composition of (Mg,Fe)3O4 Nanoparticles. Journal of nanoscience and nanotechnology, 19(7), 4205-4213.<br \/>DOI: <a href=\"https:\/\/doi.org\/10.1166\/jnn.2019.16284\">10.1166\/jnn.2019.16284<\/a><\/li><li>Nikoli\u0107, V. N., Tadi\u0107, M., Jovanovi\u0107, S., &amp; Spasojevi\u0107, V. (2019). Tracking of the electronic re-ordering in Fe3O4\/OA nanoparticles using magnetometry. Ceramics International, 45(14), 17429-17437.<br \/>DOI: <a href=\"https:\/\/doi.org\/10.1016\/j.ceramint.2019.05.303\">10.1016\/j.ceramint.2019.05.303<\/a><\/li><li>Tadic, M., Kralj, S., &amp; Kopanja, L. (2019). Synthesis, particle shape characterization, magnetic properties and surface modification of superparamagnetic iron oxide nanochains. Materials Characterization, 148, 123-133.<br \/>DOI: <a href=\"https:\/\/doi.org\/10.1016\/j.matchar.2018.12.014\">10.1016\/j.matchar.2018.12.014<\/a><\/li><li>Ognjanovi\u0107, M., Stankovi\u0107, D. M., Fabi\u00e1n, M., Vukadinovi\u0107, A., Prijovi\u0107, \u017d., Doj\u010dinovi\u0107, B., &amp; Anti\u0107, B. (2018). A Voltammetric Sensor Based on MgFe2O4 Decorated on Reduced Graphene Oxide\u2010modified Electrode for Sensitive and Simultaneous Determination of Catechol and Hydroquinone. Electroanalysis, 30(11), 2620-2627.<br \/>DOI: <a href=\"https:\/\/doi.org\/10.1002\/elan.201800357\">10.1002\/elan.201800357<\/a><\/li><li>Stankovi\u0107, D. M., Jovi\u0107, M., Ognjanovi\u0107, M., Lesch, A., Fabi\u00e1n, M., Girault, H. H., &amp; Anti\u0107, B. (2019). Point-of-care amperometric determination of L-dopa using an inkjet-printed carbon nanotube electrode modified with dandelion-like MnO2 microspheres. Microchimica Acta, 186(8), 532.<br \/>DOI: <a href=\"https:\/\/doi.org\/10.1007\/s00604-019-3644-x\">10.1007\/s00604-019-3644-x<\/a><\/li><li>\u0110ur\u0111i\u0107, S., Vukojevi\u0107, V., Vlahovi\u0107, F., Ognjanovi\u0107, M., \u0160vorc, \u013d., Kalcher, K., Muti\u0107, J., &amp; Stankovi\u0107, D. M. (2019). Application of bismuth (III) oxide decorated graphene nanoribbons for enzymatic glucose biosensing. Journal of Electroanalytical Chemistry, 850, 113400.<br \/>DOI: <a href=\"https:\/\/doi.org\/10.1016\/j.jelechem.2019.113400\">10.1016\/j.jelechem.2019.113400<\/a><\/li><li>Stankovi\u0107, D. M., Ognjanovi\u0107, M., Jovi\u0107, M., Cupli\u0107, V., Lesch, A., Girault, H. H., Gavrovi\u0107-Jankulovi\u0107, M., &amp; Anti\u0107, B. (2019). Disposable Biosensor Based on Amidase\/CeO2\/GNR Modified Inkjet\u2010printed CNT Electrodes\u2010droplet Based Paracetamol Detection in Biological Fluids for \u201cPoint\u2010of\u2010care\u201d Applications. Electroanalysis, 31(8), 1517-1525.<br \/>DOI: <a href=\"https:\/\/doi.org\/10.1002\/elan.201900129\">10.1002\/elan.201900129<\/a><\/li><li>Milanovi\u0107, Z., Radovi\u0107, M., Mirkovi\u0107, M., Stankovi\u0107, D., Jankovic, D., Peri\u0107, M., Petrovi\u0107, \u0110., &amp; Vranje\u0161-\u0110uri\u0107, S (2019). Development of new radopharmaceutical based on 177Lu-labeled HEDP, DPD and IDP for the potential palliative treatment of painful bone metastases, EANM\u201919\/EP-0796.<\/li><li>Vukadinovic, A., Peri\u0107, M., Radovi\u0107, M., Mirkovi\u0107, M., Jankovic, D., Petrovi\u0107, \u0110., Milanovi\u0107, Z. &amp; Vranje\u0161-\u0110uri\u0107, S. (2019). Magnetic properties of 2, 3-dicarboxypropane-1, 1-diphosphonic acid coated magnetite nanoparticles and radiolabeling with 99m Tc and 90Y for possible theranostic application, EANM\u201919\/EP-0795. <\/li><\/ul>\n\n\n\n<h2>2018<\/h2>\n\n\n\n<ul><li>Vranje\u0161 \u0110uri\u0107, S., &amp; Ignjatovi\u0107, N. (2018). Subchapter 1.4: Radiolabeled functional nanoparticles in preventive and regenerative medicine. Nanotechnologies in Preventive and Regenerative Medicine: An Emerging Big Picture, 2018, 65-92.<br \/>DOI:<a href=\"https:\/\/doi.org\/10.1016\/B978-0-323-48063-5.00001-0\"> 10.1016\/B978-0-323-48063-5.00001-<\/a>0<\/li><li>Ognjanovi\u0107, M., Doj\u010dinovi\u0107, B., Fabi\u00e1n, M., Stankovi\u0107, D. M., Mariano, J. F., &amp; Anti\u0107, B. (2018). Microwave assisted hydrothermal synthesis of (Fe,Co)3O4 nanoparticles in the presence of surfactants and effects of Co\/Fe ratio on microstructure and magnetism. Ceramics International, 44(12), 13967-13972.<br \/>DOI: <a href=\"https:\/\/doi.org\/10.1016\/j.ceramint.2018.04.246\">10.1016\/j.ceramint.2018.04.246<\/a><\/li><li>Trpkov, D., Panjan, M., Kopanja, L., &amp; Tadi\u0107, M. (2018). Hydrothermal synthesis, morphology, magnetic properties and self-assembly of hierarchical \u03b1-Fe2O3 (hematite) mushroom-, cube-and sphere-like superstructures. Applied Surface Science, 457, 427-438.<br \/>DOI: <a href=\"https:\/\/doi.org\/10.1016\/j.apsusc.2018.06.224\">10.1016\/j.apsusc.2018.06.224<\/a><\/li><li>Orsini, N. J., Babi\u0107-Stoji\u0107, B., Spasojevi\u0107, V., Calatayud, M. P., Cvjeti\u0107anin, N., &amp; Goya, G. F. (2018). Magnetic and power absorption measurements on iron oxide nanoparticles synthesized by thermal decomposition of Fe(acac)3. Journal of Magnetism and Magnetic Materials, 449, 286-296.<br \/>DOI: <a href=\"https:\/\/doi.org\/10.1016\/j.jmmm.2017.10.053\">10.1016\/j.jmmm.2017.10.053<\/a><\/li><li>Vukojevi\u0107, V., Djurdji\u0107, S., Ognjanovi\u0107, M., Anti\u0107, B., Kalcher, K., Muti\u0107, J., &amp; Stankovi\u0107, D. M. (2018). RuO2\/graphene nanoribbon composite supported on screen printed electrode with enhanced electrocatalytic performances toward ethanol and NADH biosensing. Biosensors and Bioelectronics, 117, 392-397.<br \/>DOI: <a href=\"https:\/\/doi.org\/10.1016\/j.bios.2018.06.038\">10.1016\/j.bios.2018.06.038<\/a><\/li><li>Jankovic, D., Radovi\u0107, M., Mirkovi\u0107, M., Vukadinovic, A., Peri\u0107, M., Petrovi\u0107, D., Anti\u0107, B. &amp; Vranjes-Djuri\u0107, S. (2018). 90Y-labeled of phosphates-coated magnetic nanoparticles as a potential tumor treatment radiopharmaceuticals, EANM\u201918 \/ EP-0861. <\/li><\/ul>\n\n\n\n<h2>2017<\/h2>\n\n\n\n<ul><li> Karageorgou, M. A., Vranje\u0161-Djuri\u0107, S., Radovi\u0107, M., Lyberopoulou, A., Anti\u0107, B., Rouchota, M., &#8230; &amp; Bouziotis, P. (2017). Gallium-68 labeled iron oxide nanoparticles coated with 2, 3-dicarboxypropane-1, 1-diphosphonic acid as a potential pet\/mr imaging agent: A proof-of-concept study. Contrast media &amp; molecular imaging.<br \/>DOI:<a href=\"https:\/\/doi.org\/10.1155\/2017\/6951240\"> 10.1155\/2017\/695124<\/a>0<\/li><li>Anti\u0107, B., Bo\u0161kovi\u0107, M., Nikodinovic-Runic, J., Ming, Y., Zhang, H., Bozin, E. S., Jankovi\u0107, D., Spasojevi\u0107, V. &amp; Vranjes-Djuric, S. (2017). Complementary approaches for the evaluation of biocompatibility of 90Y-labeled superparamagnetic citric acid (Fe,Er)3O4 coated nanoparticles. Materials Science and Engineering: C, 75, 157-164.<br \/>DOI: <a href=\"https:\/\/doi.org\/10.1016\/j.msec.2017.02.023\">10.1016\/j.msec.2017.02.023<\/a><\/li><li>Radovi\u0107, M., Mirkovi\u0107, M., Peri\u0107, M., Jankovi\u0107, D., Vukadinovi\u0107, A., Stankovi\u0107, D., Petrovi\u0107, \u0110., Bo\u0161kovi\u0107, M., Anti\u0107, B., Markovi\u0107, M., &amp; Vranje\u0161-\u0110uri\u0107, S. (2017). Design and preparation of 90Y-labeled imidodiphosphate-and inositol hexaphosphate-coated magnetic nanoparticles for possible medical applications. Journal of Materials Chemistry B, 5(44), 8738-8747.<br \/>DOI: <a href=\"https:\/\/doi.org\/10.1039\/C7TB02075A\">10.1039\/C7TB02075A<\/a><\/li><li>Nikoli\u0107, V. N., Tadi\u0107, M., Panjan, M., Kopanja, L., Cvjeti\u0107anin, N., &amp; Spasojevi\u0107, V. (2017). Influence of annealing treatment on magnetic properties of Fe2O3\/SiO2 and formation of \u03b5-Fe2O3 phase. Ceramics International, 43(3), 3147-3155.<br \/>DOI: <a href=\"https:\/\/doi.org\/10.1016\/j.ceramint.2016.11.132\">10.1016\/j.ceramint.2016.11.132<\/a><\/li><li>Nikoli\u0107, V. N., Spasojevi\u0107, V., Panjan, M., Kopanja, L., Mrakovi\u0107, A., &amp; Tadi\u0107, M. (2017). Re-formation of metastable \u03b5-Fe2O3 in post-annealing of Fe2O3\/SiO2 nanostructure: synthesis, computational particle shape analysis in micrographs and magnetic properties. Ceramics International, 43(10), 7497-7507.<br \/>DOI: <a href=\"https:\/\/doi.org\/10.1016\/j.ceramint.2017.03.030\">10.1016\/j.ceramint.2017.03.030<\/a><\/li><li>Kremenovi\u0107, A., Anti\u0107, B., Vuli\u0107, P., Blanu\u0161a, J., &amp; Tomi\u0107, A. (2017). ZnFe2O4 antiferromagnetic structure redetermination. Journal of Magnetism and Magnetic Materials, 426, 264-266.<br \/>DOI: <a href=\"https:\/\/doi.org\/10.1016\/j.jmmm.2016.11.071\">10.1016\/j.jmmm.2016.11.071<\/a> <\/li><li>Stankovi\u0107, D. M., Ognjanovi\u0107, M., Martin, F., \u0160vorc, \u013d., Mariano, J. F., &amp; Anti\u0107, B. (2017). Design of titanium nitride-and wolfram carbide-doped RGO\/GC electrodes for determination of gallic acid. Analytical biochemistry, 539, 104-112. <br \/>DOI: <a href=\"https:\/\/doi.org\/10.1016\/j.ab.2017.10.018\">10.1016\/j.ab.2017.10.018<\/a><\/li><li>Stankovi\u0107, D. M. (2017). Electroanalytical approach for quantification of pesticide Maneb. Electroanalysis, 29(2), 352-357. <br \/>DOI: <a href=\"https:\/\/doi.org\/10.1002\/elan.201600268\">10.1002\/elan.201600268<\/a> <\/li><\/ul>\n\n\n\n<h2>2016<\/h2>\n\n\n\n<ul><li>Laki\u0107, M., Sabo, L., Risti\u0107, S., Savi\u0107, A., Petri\u010devi\u0107, S., Nikoli\u0107, N., Vukadinovi\u0107, A., Jankovi\u0107, D. &amp; Vranje\u0161\u2010\u0110uri\u0107, S. (2016). Synthesis and biological evaluation of 99mTc tricarbonyl complex of O, O\u2032\u2010diethylethylenediamine\u2010N, N\u2032\u2010di\u20103\u2010propanoate as potential tumour diagnostic agent. Applied Organometallic Chemistry, 30(2), 81-88.<br \/>DOI:<a href=\"https:\/\/doi.org\/10.1002\/aoc.3401\"> 10.1002\/aoc.340<\/a>1<\/li><li>Barud\u017eija, T., Kusigerski, V., Cvjeti\u0107anin, N., \u0160orgi\u0107, S., Perovi\u0107, M., &amp; Mitri\u0107, M. (2016). Structural and magnetic properties of hydrothermally synthesized \u03b2-MnO2 and \u03b1-KxMnO2 nanorods. Journal of Alloys and Compounds, 665, 261-270. <br \/>DOI: <a href=\"https:\/\/doi.org\/10.1016\/j.jallcom.2016.01.024\">10.1016\/j.jallcom.2016.01.024<\/a><\/li><li>Laki\u0107, M., Vukadinovi\u0107, A., Kalcher, K., Nikoli\u0107, A. S., &amp; Stankovi\u0107, D. M. (2016). Effect of cobalt doping level of ferrites in enhancing sensitivity of analytical performances of carbon paste electrode for simultaneous determination of catechol and hydroquinone. Talanta, 161, 668-674.<br \/>DOI: <a href=\"https:\/\/doi.org\/10.1016\/j.talanta.2016.09.029\">10.1016\/j.talanta.2016.09.029<\/a><\/li><li>Stankovi\u0107, D. M., Mehmeti, E., Zava\u0161nik, J., &amp; Kalcher, K. (2016). Determination of nitrite in tap water: A comparative study between cerium, titanium and selenium dioxide doped reduced graphene oxide modified glassy carbon electrodes. Sensors and Actuators B: Chemical, 236, 311-317.<br \/>DOI: <a href=\"https:\/\/doi.org\/10.1016\/j.snb.2016.06.018\">10.1016\/j.snb.2016.06.018<\/a><\/li><li>Stankovi\u0107, D. M., &amp; Kalcher, K. (2016). Amperometric quantification of the pesticide ziram at boron doped diamond electrodes using flow injection analysis. Sensors and Actuators B: Chemical, 233, 144-147. <br \/>DOI: <a href=\"https:\/\/doi.org\/10.1016\/j.snb.2016.04.069\">10.1016\/j.snb.2016.04.069<\/a> <\/li><\/ul>\n\n\n\n<h2>2015<\/h2>\n\n\n\n<ul><li>Bo\u0161kovi\u0107, M., Goya, G. F., Vranje\u0161-\u0110uri\u0107, S., Jovi\u0107, N., Jan\u010dar, B., &amp; Antic, B. (2015). Influence of size distribution and field amplitude on specific loss power. Journal of Applied Physics, 117(10), 103903.<br \/>DOI: <a href=\"https:\/\/doi.org\/10.1063\/1.4914074\">10.1063\/1.4914074<\/a><\/li><li>Radovi\u0107, M., Calatayud, M. P., Goya, G. F., Ibarra, M. R., Anti\u0107, B., Spasojevi\u0107, V., Nikoli\u0107, N., Jankovi\u0107, D., Mirkovi\u0107, M., &amp; Vranje\u0161\u2010\u0110uri\u0107, S. (2015). Preparation and in vivo evaluation of multifunctional 90Y\u2010labeled magnetic nanoparticles designed for cancer therapy. Journal of Biomedical Materials Research Part A, 103(1), 126-134.<br \/>DOI: <a href=\"https:\/\/doi.org\/10.1002\/jbm.a.35160\">10.1002\/jbm.a.35160<\/a><\/li><li>Nikoli\u0107, V., Perovi\u0107, M., Kusigerski, V., Bo\u0161kovi\u0107, M., Mrakovi\u0107, A., Blanu\u0161a, J., &amp; Spasojevi\u0107, V. (2015). Experimental evidence for simultaneous relaxation processes in super spin glass \u03b3-Fe2O3 nanoparticle system. Journal of Nanoparticle Research, 17(3), 139.<br \/>DOI: <a href=\"https:\/\/doi.org\/10.1007\/s11051-015-2952-2\">10.1007\/s11051-015-2952-2<\/a><\/li><li>Perovi\u0107, M., Kusigerski, V., Mrakovi\u0107, A., Spasojevi\u0107, V., Blanu\u0161a, J., Nikoli\u0107, V., Schneeweiss, O., &amp; Piz\u00farov\u00e1, N. (2015). The glassy behaviour of poorly crystalline Fe2O3 nanorods obtained by thermal decomposition of ferrous oxalate. Nanotechnology, 26(11), 115705.<br \/>DOI: <a href=\"https:\/\/doi.org\/10.1088\/0957-4484\/26\/11\/115705\">10.1088\/0957-4484\/26\/11\/115705<\/a><\/li><li>Stankovi\u0107, D. M., Samphao, A., &amp; Kalcher, K. (2015). Anti\u2010cancer Herbal Drug Berberine\u2013Sensitive Determination Using Boron\u2010doped Diamond Electrode. Electroanalysis, 27(12), 2753-2759. <br \/>DOI: <a href=\"ttps:\/\/doi.org\/10.1002\/elan.201500356\">10.1002\/elan.201500356<\/a><\/li><li>Stankovi\u0107, D. M. (2015). Sensitive voltammetric determination of thymol in essential oil of Carum copticum seeds using boron-doped diamond electrode. Analytical biochemistry, 486, 1-4.<br \/>DOI: <a href=\"https:\/\/doi.org\/10.1016\/j.ab.2015.06.026\">10.1016\/j.ab.2015.06.026<\/a><\/li><li>Stankovi\u0107, D. M., &amp; Kalcher, K. (2015). The immunosuppressive drug\u2013rapamycin\u2013electroanalytical sensing using boron-doped diamond electrode. Electrochimica Acta, 168, 76-81.~<br \/>DOI: <a href=\"https:\/\/doi.org\/10.1016\/j.electacta.2015.03.200\">10.1016\/j.electacta.2015.03.200<\/a> <\/li><\/ul>\n\n\n\n<p><\/p>\n","protected":false},"excerpt":{"rendered":"<p>2020 Vukadinovi\u0107, A., Jankovi\u0107, D., Radovi\u0107, M., Milanovi\u0107, Z., Mirkovi\u0107, M., Stankovi\u0107, D., &amp; Vranje\u0161-\u0110uri\u0107, S. (2020). Optimization of the radiolabelling method for improved in vitro and in vivo stability of 90Y-albumin microspheres. Applied Radiation and Isotopes, 156, 108984. DOI: 10.1016\/j.apradiso.2019.108984 Mirkovi\u0107, M., Milanovi\u0107, Z., Stankovi\u0107, D., Petrovi\u0107, \u0110., Vranje\u0161-\u0110uri\u0107, S., Jankovi\u0107, D., &amp; Radovi\u0107, [&hellip;]<\/p>\n","protected":false},"author":1,"featured_media":0,"parent":0,"menu_order":0,"comment_status":"closed","ping_status":"closed","template":"","meta":[],"_links":{"self":[{"href":"http:\/\/www.vincent.org.rs\/en\/wp-json\/wp\/v2\/pages\/32"}],"collection":[{"href":"http:\/\/www.vincent.org.rs\/en\/wp-json\/wp\/v2\/pages"}],"about":[{"href":"http:\/\/www.vincent.org.rs\/en\/wp-json\/wp\/v2\/types\/page"}],"author":[{"embeddable":true,"href":"http:\/\/www.vincent.org.rs\/en\/wp-json\/wp\/v2\/users\/1"}],"replies":[{"embeddable":true,"href":"http:\/\/www.vincent.org.rs\/en\/wp-json\/wp\/v2\/comments?post=32"}],"version-history":[{"count":13,"href":"http:\/\/www.vincent.org.rs\/en\/wp-json\/wp\/v2\/pages\/32\/revisions"}],"predecessor-version":[{"id":1317,"href":"http:\/\/www.vincent.org.rs\/en\/wp-json\/wp\/v2\/pages\/32\/revisions\/1317"}],"wp:attachment":[{"href":"http:\/\/www.vincent.org.rs\/en\/wp-json\/wp\/v2\/media?parent=32"}],"curies":[{"name":"wp","href":"https:\/\/api.w.org\/{rel}","templated":true}]}}